{"id":171,"date":"2022-09-16T16:06:41","date_gmt":"2022-09-16T14:06:41","guid":{"rendered":"https:\/\/chicoinfierno.com\/?page_id=171"},"modified":"2022-09-16T22:14:09","modified_gmt":"2022-09-16T20:14:09","slug":"quienes-somos","status":"publish","type":"page","link":"https:\/\/chicoinfierno.com\/?page_id=171","title":{"rendered":"\u00bfQui\u00e9nes somos?"},"content":{"rendered":"\t\t<div data-elementor-type=\"wp-page\" data-elementor-id=\"171\" class=\"elementor elementor-171\" data-elementor-post-type=\"page\">\n\t\t\t\t\t\t<section class=\"elementor-section elementor-top-section elementor-element elementor-element-7dab01e0 elementor-section-height-min-height elementor-section-items-stretch elementor-section-boxed elementor-section-height-default\" data-id=\"7dab01e0\" data-element_type=\"section\" id=\"uppage\" data-settings=\"{&quot;background_background&quot;:&quot;classic&quot;}\">\n\t\t\t\t\t\t<div class=\"elementor-container elementor-column-gap-default\">\n\t\t\t\t\t<div class=\"elementor-column elementor-col-100 elementor-top-column elementor-element elementor-element-192cbadb\" data-id=\"192cbadb\" data-element_type=\"column\">\n\t\t\t<div class=\"elementor-widget-wrap elementor-element-populated\">\n\t\t\t\t\t\t<div class=\"elementor-element elementor-element-2b89d230 elementor-widget elementor-widget-heading\" data-id=\"2b89d230\" data-element_type=\"widget\" data-widget_type=\"heading.default\">\n\t\t\t\t<div class=\"elementor-widget-container\">\n\t\t\t<style>\/*! elementor - v3.23.0 - 15-07-2024 *\/\n.elementor-heading-title{padding:0;margin:0;line-height:1}.elementor-widget-heading .elementor-heading-title[class*=elementor-size-]>a{color:inherit;font-size:inherit;line-height:inherit}.elementor-widget-heading .elementor-heading-title.elementor-size-small{font-size:15px}.elementor-widget-heading .elementor-heading-title.elementor-size-medium{font-size:19px}.elementor-widget-heading .elementor-heading-title.elementor-size-large{font-size:29px}.elementor-widget-heading .elementor-heading-title.elementor-size-xl{font-size:39px}.elementor-widget-heading .elementor-heading-title.elementor-size-xxl{font-size:59px}<\/style><h2 class=\"elementor-heading-title elementor-size-default\">\u00bfQUI\u00c9NES SOMOS?<\/h2>\t\t<\/div>\n\t\t\t\t<\/div>\n\t\t\t\t<div class=\"elementor-element elementor-element-fc33be1 elementor-widget elementor-widget-image\" data-id=\"fc33be1\" data-element_type=\"widget\" data-widget_type=\"image.default\">\n\t\t\t\t<div class=\"elementor-widget-container\">\n\t\t\t<style>\/*! elementor - v3.23.0 - 15-07-2024 *\/\n.elementor-widget-image{text-align:center}.elementor-widget-image a{display:inline-block}.elementor-widget-image a img[src$=\".svg\"]{width:48px}.elementor-widget-image img{vertical-align:middle;display:inline-block}<\/style>\t\t\t\t\t\t\t\t\t\t<img fetchpriority=\"high\" decoding=\"async\" width=\"1024\" height=\"1024\" src=\"https:\/\/chicoinfierno.com\/wp-content\/uploads\/2022\/09\/chico-infierno-grupo-rock-1024x1024.jpg\" class=\"attachment-large size-large wp-image-175\" alt=\"\" srcset=\"https:\/\/chicoinfierno.com\/wp-content\/uploads\/2022\/09\/chico-infierno-grupo-rock-1024x1024.jpg 1024w, https:\/\/chicoinfierno.com\/wp-content\/uploads\/2022\/09\/chico-infierno-grupo-rock-300x300.jpg 300w, https:\/\/chicoinfierno.com\/wp-content\/uploads\/2022\/09\/chico-infierno-grupo-rock-150x150.jpg 150w, https:\/\/chicoinfierno.com\/wp-content\/uploads\/2022\/09\/chico-infierno-grupo-rock-768x768.jpg 768w, https:\/\/chicoinfierno.com\/wp-content\/uploads\/2022\/09\/chico-infierno-grupo-rock-640x640.jpg 640w, https:\/\/chicoinfierno.com\/wp-content\/uploads\/2022\/09\/chico-infierno-grupo-rock-50x50.jpg 50w, https:\/\/chicoinfierno.com\/wp-content\/uploads\/2022\/09\/chico-infierno-grupo-rock.jpg 1200w\" sizes=\"(max-width: 1024px) 100vw, 1024px\" \/>\t\t\t\t\t\t\t\t\t\t\t\t\t<\/div>\n\t\t\t\t<\/div>\n\t\t\t\t<div class=\"elementor-element elementor-element-1ffbb9ab elementor-widget elementor-widget-text-editor\" data-id=\"1ffbb9ab\" data-element_type=\"widget\" data-widget_type=\"text-editor.default\">\n\t\t\t\t<div class=\"elementor-widget-container\">\n\t\t\t<style>\/*! elementor - v3.23.0 - 15-07-2024 *\/\n.elementor-widget-text-editor.elementor-drop-cap-view-stacked .elementor-drop-cap{background-color:#69727d;color:#fff}.elementor-widget-text-editor.elementor-drop-cap-view-framed .elementor-drop-cap{color:#69727d;border:3px solid;background-color:transparent}.elementor-widget-text-editor:not(.elementor-drop-cap-view-default) .elementor-drop-cap{margin-top:8px}.elementor-widget-text-editor:not(.elementor-drop-cap-view-default) .elementor-drop-cap-letter{width:1em;height:1em}.elementor-widget-text-editor .elementor-drop-cap{float:left;text-align:center;line-height:1;font-size:50px}.elementor-widget-text-editor .elementor-drop-cap-letter{display:inline-block}<\/style>\t\t\t\t<p>Pako Ramos es el Chico Infierno, resurge entre las llamas como un ave f\u00e9nix despu\u00e9s de una larga trayectoria musical en grupos como Brutal Melody, Bad f-Line o Governors. \u00a0El fuego purifica, y despu\u00e9s de dejar Governors en 2017, desde lo m\u00e1s profundo del averno apoyado por Lemy River, Heloy Gal\u00e1n, Igor Letona y Adriano Silva como f\u00e1brica de canciones, Chico Infierno empieza su camino en solitario.<\/p><p>Estos dos \u00faltimos a\u00f1os, su cabeza no ha parado de dar vueltas para crear sus mejores canciones y as\u00ed nace <em>Locura<\/em>, un disco terapia lleno de letras con dobles sentidos que har\u00e1n plantearse cu\u00e1l es la l\u00ednea que separa la cordura de la demencia.<\/p>\t\t\t\t\t\t<\/div>\n\t\t\t\t<\/div>\n\t\t\t\t\t<\/div>\n\t\t<\/div>\n\t\t\t\t\t<\/div>\n\t\t<\/section>\n\t\t\t\t<section class=\"elementor-section elementor-top-section elementor-element elementor-element-411570bd elementor-section-boxed elementor-section-height-default elementor-section-height-default\" data-id=\"411570bd\" data-element_type=\"section\" data-settings=\"{&quot;background_background&quot;:&quot;classic&quot;}\">\n\t\t\t\t\t\t<div class=\"elementor-container elementor-column-gap-default\">\n\t\t\t\t\t<div class=\"elementor-column elementor-col-100 elementor-top-column elementor-element elementor-element-301ed15a\" data-id=\"301ed15a\" data-element_type=\"column\">\n\t\t\t<div class=\"elementor-widget-wrap elementor-element-populated\">\n\t\t\t\t\t\t<div class=\"elementor-element elementor-element-3298cb11 elementor-widget elementor-widget-heading\" data-id=\"3298cb11\" data-element_type=\"widget\" data-widget_type=\"heading.default\">\n\t\t\t\t<div class=\"elementor-widget-container\">\n\t\t\t<h2 class=\"elementor-heading-title elementor-size-default\">Escr\u00edbenos<\/h2>\t\t<\/div>\n\t\t\t\t<\/div>\n\t\t\t\t<div class=\"elementor-element elementor-element-55a6f857 elementor-widget elementor-widget-heading\" data-id=\"55a6f857\" data-element_type=\"widget\" data-widget_type=\"heading.default\">\n\t\t\t\t<div class=\"elementor-widget-container\">\n\t\t\t<h2 class=\"elementor-heading-title elementor-size-default\">info@chicoinfierno.com\n<\/h2>\t\t<\/div>\n\t\t\t\t<\/div>\n\t\t\t\t\t<\/div>\n\t\t<\/div>\n\t\t\t\t\t<\/div>\n\t\t<\/section>\n\t\t\t\t<section class=\"elementor-section elementor-top-section elementor-element elementor-element-35d53049 elementor-section-boxed elementor-section-height-default elementor-section-height-default\" data-id=\"35d53049\" data-element_type=\"section\">\n\t\t\t\t\t\t\t<div class=\"elementor-background-overlay\"><\/div>\n\t\t\t\t\t\t\t<div class=\"elementor-container elementor-column-gap-default\">\n\t\t\t\t\t<div class=\"elementor-column elementor-col-50 elementor-top-column elementor-element elementor-element-2f26255e\" data-id=\"2f26255e\" data-element_type=\"column\">\n\t\t\t<div class=\"elementor-widget-wrap elementor-element-populated\">\n\t\t\t\t\t\t<div class=\"elementor-element elementor-element-17005d20 elementor-widget elementor-widget-text-editor\" data-id=\"17005d20\" data-element_type=\"widget\" data-widget_type=\"text-editor.default\">\n\t\t\t\t<div class=\"elementor-widget-container\">\n\t\t\t\t\t\t\t<p>S\u00edguenos en Facebook<\/p>\t\t\t\t\t\t<\/div>\n\t\t\t\t<\/div>\n\t\t\t\t<div class=\"elementor-element elementor-element-70e118ee elementor-view-default elementor-widget elementor-widget-icon\" data-id=\"70e118ee\" data-element_type=\"widget\" data-widget_type=\"icon.default\">\n\t\t\t\t<div class=\"elementor-widget-container\">\n\t\t\t\t\t<div class=\"elementor-icon-wrapper\">\n\t\t\t<a class=\"elementor-icon\" href=\"https:\/\/www.facebook.com\/chicoinfiernorock\/\" target=\"_blank\">\n\t\t\t<i aria-hidden=\"true\" class=\"fab fa-facebook\"><\/i>\t\t\t<\/a>\n\t\t<\/div>\n\t\t\t\t<\/div>\n\t\t\t\t<\/div>\n\t\t\t\t\t<\/div>\n\t\t<\/div>\n\t\t\t\t<div class=\"elementor-column elementor-col-50 elementor-top-column elementor-element elementor-element-7209d239\" data-id=\"7209d239\" data-element_type=\"column\">\n\t\t\t<div class=\"elementor-widget-wrap elementor-element-populated\">\n\t\t\t\t\t\t<div class=\"elementor-element elementor-element-47e11385 elementor-widget elementor-widget-text-editor\" data-id=\"47e11385\" data-element_type=\"widget\" data-widget_type=\"text-editor.default\">\n\t\t\t\t<div class=\"elementor-widget-container\">\n\t\t\t\t\t\t\t<p>S\u00edguenos en Instagram<\/p>\t\t\t\t\t\t<\/div>\n\t\t\t\t<\/div>\n\t\t\t\t<div class=\"elementor-element elementor-element-4c737a0c elementor-view-default elementor-widget elementor-widget-icon\" data-id=\"4c737a0c\" data-element_type=\"widget\" data-widget_type=\"icon.default\">\n\t\t\t\t<div class=\"elementor-widget-container\">\n\t\t\t\t\t<div class=\"elementor-icon-wrapper\">\n\t\t\t<a class=\"elementor-icon\" href=\"https:\/\/www.instagram.com\/chico_infierno_rock\/\" target=\"_blank\">\n\t\t\t<i aria-hidden=\"true\" class=\"fab fa-instagram\"><\/i>\t\t\t<\/a>\n\t\t<\/div>\n\t\t\t\t<\/div>\n\t\t\t\t<\/div>\n\t\t\t\t\t<\/div>\n\t\t<\/div>\n\t\t\t\t\t<\/div>\n\t\t<\/section>\n\t\t\t\t<\/div>\n\t\t","protected":false},"excerpt":{"rendered":"<p>\u00bfQUI\u00c9NES SOMOS? Pako Ramos es el Chico Infierno, resurge entre las llamas como un ave f\u00e9nix despu\u00e9s de una larga trayectoria musical en grupos como Brutal Melody, Bad f-Line o Governors. \u00a0El fuego purifica, y despu\u00e9s de dejar Governors en 2017, desde lo m\u00e1s profundo del averno apoyado por Lemy River, Heloy Gal\u00e1n, Igor Letona [&hellip;]<\/p>\n","protected":false},"author":1,"featured_media":0,"parent":0,"menu_order":0,"comment_status":"closed","ping_status":"closed","template":"","meta":{"site-sidebar-layout":"no-sidebar","site-content-layout":"page-builder","ast-site-content-layout":"","site-content-style":"default","site-sidebar-style":"default","ast-global-header-display":"","ast-banner-title-visibility":"","ast-main-header-display":"","ast-hfb-above-header-display":"","ast-hfb-below-header-display":"","ast-hfb-mobile-header-display":"","site-post-title":"disabled","ast-breadcrumbs-content":"","ast-featured-img":"disabled","footer-sml-layout":"","theme-transparent-header-meta":"","adv-header-id-meta":"","stick-header-meta":"","header-above-stick-meta":"","header-main-stick-meta":"","header-below-stick-meta":"","astra-migrate-meta-layouts":"default","ast-page-background-enabled":"default","ast-page-background-meta":{"desktop":{"background-color":"var(--ast-global-color-4)","background-image":"","background-repeat":"repeat","background-position":"center center","background-size":"auto","background-attachment":"scroll","background-type":"","background-media":"","overlay-type":"","overlay-color":"","overlay-gradient":""},"tablet":{"background-color":"","background-image":"","background-repeat":"repeat","background-position":"center center","background-size":"auto","background-attachment":"scroll","background-type":"","background-media":"","overlay-type":"","overlay-color":"","overlay-gradient":""},"mobile":{"background-color":"","background-image":"","background-repeat":"repeat","background-position":"center center","background-size":"auto","background-attachment":"scroll","background-type":"","background-media":"","overlay-type":"","overlay-color":"","overlay-gradient":""}},"ast-content-background-meta":{"desktop":{"background-color":"var(--ast-global-color-5)","background-image":"","background-repeat":"repeat","background-position":"center center","background-size":"auto","background-attachment":"scroll","background-type":"","background-media":"","overlay-type":"","overlay-color":"","overlay-gradient":""},"tablet":{"background-color":"var(--ast-global-color-5)","background-image":"","background-repeat":"repeat","background-position":"center center","background-size":"auto","background-attachment":"scroll","background-type":"","background-media":"","overlay-type":"","overlay-color":"","overlay-gradient":""},"mobile":{"background-color":"var(--ast-global-color-5)","background-image":"","background-repeat":"repeat","background-position":"center center","background-size":"auto","background-attachment":"scroll","background-type":"","background-media":"","overlay-type":"","overlay-color":"","overlay-gradient":""}},"footnotes":""},"class_list":["post-171","page","type-page","status-publish","hentry"],"yoast_head":"<!-- This site is optimized with the Yoast SEO plugin v23.0 - https:\/\/yoast.com\/wordpress\/plugins\/seo\/ -->\n<title>\u00bfQui\u00e9nes somos? - chicoinfierno<\/title>\n<meta name=\"robots\" content=\"index, follow, max-snippet:-1, max-image-preview:large, max-video-preview:-1\" \/>\n<link rel=\"canonical\" href=\"https:\/\/chicoinfierno.com\/?page_id=171\" \/>\n<meta property=\"og:locale\" content=\"es_ES\" \/>\n<meta property=\"og:type\" content=\"article\" \/>\n<meta property=\"og:title\" content=\"\u00bfQui\u00e9nes somos? - chicoinfierno\" \/>\n<meta property=\"og:description\" content=\"\u00bfQUI\u00c9NES SOMOS? Pako Ramos es el Chico Infierno, resurge entre las llamas como un ave f\u00e9nix despu\u00e9s de una larga trayectoria musical en grupos como Brutal Melody, Bad f-Line o Governors. \u00a0El fuego purifica, y despu\u00e9s de dejar Governors en 2017, desde lo m\u00e1s profundo del averno apoyado por Lemy River, Heloy Gal\u00e1n, Igor Letona [&hellip;]\" \/>\n<meta property=\"og:url\" content=\"https:\/\/chicoinfierno.com\/?page_id=171\" \/>\n<meta property=\"og:site_name\" content=\"chicoinfierno\" \/>\n<meta property=\"article:modified_time\" content=\"2022-09-16T20:14:09+00:00\" \/>\n<meta property=\"og:image\" content=\"http:\/\/chicoinfierno.com\/wp-content\/uploads\/2022\/09\/chico-infierno-grupo-rock-1024x1024.jpg\" \/>\n<meta name=\"twitter:card\" content=\"summary_large_image\" \/>\n<meta name=\"twitter:label1\" content=\"Tiempo de lectura\" \/>\n\t<meta name=\"twitter:data1\" content=\"1 minuto\" \/>\n<script type=\"application\/ld+json\" class=\"yoast-schema-graph\">{\"@context\":\"https:\/\/schema.org\",\"@graph\":[{\"@type\":\"WebPage\",\"@id\":\"https:\/\/chicoinfierno.com\/?page_id=171\",\"url\":\"https:\/\/chicoinfierno.com\/?page_id=171\",\"name\":\"\u00bfQui\u00e9nes somos? - chicoinfierno\",\"isPartOf\":{\"@id\":\"https:\/\/chicoinfierno.com\/#website\"},\"primaryImageOfPage\":{\"@id\":\"https:\/\/chicoinfierno.com\/?page_id=171#primaryimage\"},\"image\":{\"@id\":\"https:\/\/chicoinfierno.com\/?page_id=171#primaryimage\"},\"thumbnailUrl\":\"http:\/\/chicoinfierno.com\/wp-content\/uploads\/2022\/09\/chico-infierno-grupo-rock-1024x1024.jpg\",\"datePublished\":\"2022-09-16T14:06:41+00:00\",\"dateModified\":\"2022-09-16T20:14:09+00:00\",\"breadcrumb\":{\"@id\":\"https:\/\/chicoinfierno.com\/?page_id=171#breadcrumb\"},\"inLanguage\":\"es\",\"potentialAction\":[{\"@type\":\"ReadAction\",\"target\":[\"https:\/\/chicoinfierno.com\/?page_id=171\"]}]},{\"@type\":\"ImageObject\",\"inLanguage\":\"es\",\"@id\":\"https:\/\/chicoinfierno.com\/?page_id=171#primaryimage\",\"url\":\"http:\/\/chicoinfierno.com\/wp-content\/uploads\/2022\/09\/chico-infierno-grupo-rock-1024x1024.jpg\",\"contentUrl\":\"http:\/\/chicoinfierno.com\/wp-content\/uploads\/2022\/09\/chico-infierno-grupo-rock-1024x1024.jpg\"},{\"@type\":\"BreadcrumbList\",\"@id\":\"https:\/\/chicoinfierno.com\/?page_id=171#breadcrumb\",\"itemListElement\":[{\"@type\":\"ListItem\",\"position\":1,\"name\":\"Portada\",\"item\":\"https:\/\/chicoinfierno.com\/\"},{\"@type\":\"ListItem\",\"position\":2,\"name\":\"\u00bfQui\u00e9nes somos?\"}]},{\"@type\":\"WebSite\",\"@id\":\"https:\/\/chicoinfierno.com\/#website\",\"url\":\"https:\/\/chicoinfierno.com\/\",\"name\":\"chicoinfierno\",\"description\":\"\",\"publisher\":{\"@id\":\"https:\/\/chicoinfierno.com\/#organization\"},\"potentialAction\":[{\"@type\":\"SearchAction\",\"target\":{\"@type\":\"EntryPoint\",\"urlTemplate\":\"https:\/\/chicoinfierno.com\/?s={search_term_string}\"},\"query-input\":\"required name=search_term_string\"}],\"inLanguage\":\"es\"},{\"@type\":\"Organization\",\"@id\":\"https:\/\/chicoinfierno.com\/#organization\",\"name\":\"chicoinfierno\",\"url\":\"https:\/\/chicoinfierno.com\/\",\"logo\":{\"@type\":\"ImageObject\",\"inLanguage\":\"es\",\"@id\":\"https:\/\/chicoinfierno.com\/#\/schema\/logo\/image\/\",\"url\":\"https:\/\/chicoinfierno.com\/wp-content\/uploads\/2022\/09\/cropped-IMAGEN-CHICO-INFIERNO-DORADO.png\",\"contentUrl\":\"https:\/\/chicoinfierno.com\/wp-content\/uploads\/2022\/09\/cropped-IMAGEN-CHICO-INFIERNO-DORADO.png\",\"width\":307,\"height\":600,\"caption\":\"chicoinfierno\"},\"image\":{\"@id\":\"https:\/\/chicoinfierno.com\/#\/schema\/logo\/image\/\"}}]}<\/script>\n<!-- \/ Yoast SEO plugin. -->","yoast_head_json":{"title":"\u00bfQui\u00e9nes somos? - chicoinfierno","robots":{"index":"index","follow":"follow","max-snippet":"max-snippet:-1","max-image-preview":"max-image-preview:large","max-video-preview":"max-video-preview:-1"},"canonical":"https:\/\/chicoinfierno.com\/?page_id=171","og_locale":"es_ES","og_type":"article","og_title":"\u00bfQui\u00e9nes somos? - chicoinfierno","og_description":"\u00bfQUI\u00c9NES SOMOS? Pako Ramos es el Chico Infierno, resurge entre las llamas como un ave f\u00e9nix despu\u00e9s de una larga trayectoria musical en grupos como Brutal Melody, Bad f-Line o Governors. \u00a0El fuego purifica, y despu\u00e9s de dejar Governors en 2017, desde lo m\u00e1s profundo del averno apoyado por Lemy River, Heloy Gal\u00e1n, Igor Letona [&hellip;]","og_url":"https:\/\/chicoinfierno.com\/?page_id=171","og_site_name":"chicoinfierno","article_modified_time":"2022-09-16T20:14:09+00:00","og_image":[{"url":"http:\/\/chicoinfierno.com\/wp-content\/uploads\/2022\/09\/chico-infierno-grupo-rock-1024x1024.jpg"}],"twitter_card":"summary_large_image","twitter_misc":{"Tiempo de lectura":"1 minuto"},"schema":{"@context":"https:\/\/schema.org","@graph":[{"@type":"WebPage","@id":"https:\/\/chicoinfierno.com\/?page_id=171","url":"https:\/\/chicoinfierno.com\/?page_id=171","name":"\u00bfQui\u00e9nes somos? - chicoinfierno","isPartOf":{"@id":"https:\/\/chicoinfierno.com\/#website"},"primaryImageOfPage":{"@id":"https:\/\/chicoinfierno.com\/?page_id=171#primaryimage"},"image":{"@id":"https:\/\/chicoinfierno.com\/?page_id=171#primaryimage"},"thumbnailUrl":"http:\/\/chicoinfierno.com\/wp-content\/uploads\/2022\/09\/chico-infierno-grupo-rock-1024x1024.jpg","datePublished":"2022-09-16T14:06:41+00:00","dateModified":"2022-09-16T20:14:09+00:00","breadcrumb":{"@id":"https:\/\/chicoinfierno.com\/?page_id=171#breadcrumb"},"inLanguage":"es","potentialAction":[{"@type":"ReadAction","target":["https:\/\/chicoinfierno.com\/?page_id=171"]}]},{"@type":"ImageObject","inLanguage":"es","@id":"https:\/\/chicoinfierno.com\/?page_id=171#primaryimage","url":"http:\/\/chicoinfierno.com\/wp-content\/uploads\/2022\/09\/chico-infierno-grupo-rock-1024x1024.jpg","contentUrl":"http:\/\/chicoinfierno.com\/wp-content\/uploads\/2022\/09\/chico-infierno-grupo-rock-1024x1024.jpg"},{"@type":"BreadcrumbList","@id":"https:\/\/chicoinfierno.com\/?page_id=171#breadcrumb","itemListElement":[{"@type":"ListItem","position":1,"name":"Portada","item":"https:\/\/chicoinfierno.com\/"},{"@type":"ListItem","position":2,"name":"\u00bfQui\u00e9nes somos?"}]},{"@type":"WebSite","@id":"https:\/\/chicoinfierno.com\/#website","url":"https:\/\/chicoinfierno.com\/","name":"chicoinfierno","description":"","publisher":{"@id":"https:\/\/chicoinfierno.com\/#organization"},"potentialAction":[{"@type":"SearchAction","target":{"@type":"EntryPoint","urlTemplate":"https:\/\/chicoinfierno.com\/?s={search_term_string}"},"query-input":"required name=search_term_string"}],"inLanguage":"es"},{"@type":"Organization","@id":"https:\/\/chicoinfierno.com\/#organization","name":"chicoinfierno","url":"https:\/\/chicoinfierno.com\/","logo":{"@type":"ImageObject","inLanguage":"es","@id":"https:\/\/chicoinfierno.com\/#\/schema\/logo\/image\/","url":"https:\/\/chicoinfierno.com\/wp-content\/uploads\/2022\/09\/cropped-IMAGEN-CHICO-INFIERNO-DORADO.png","contentUrl":"https:\/\/chicoinfierno.com\/wp-content\/uploads\/2022\/09\/cropped-IMAGEN-CHICO-INFIERNO-DORADO.png","width":307,"height":600,"caption":"chicoinfierno"},"image":{"@id":"https:\/\/chicoinfierno.com\/#\/schema\/logo\/image\/"}}]}},"_links":{"self":[{"href":"https:\/\/chicoinfierno.com\/index.php?rest_route=\/wp\/v2\/pages\/171","targetHints":{"allow":["GET"]}}],"collection":[{"href":"https:\/\/chicoinfierno.com\/index.php?rest_route=\/wp\/v2\/pages"}],"about":[{"href":"https:\/\/chicoinfierno.com\/index.php?rest_route=\/wp\/v2\/types\/page"}],"author":[{"embeddable":true,"href":"https:\/\/chicoinfierno.com\/index.php?rest_route=\/wp\/v2\/users\/1"}],"replies":[{"embeddable":true,"href":"https:\/\/chicoinfierno.com\/index.php?rest_route=%2Fwp%2Fv2%2Fcomments&post=171"}],"version-history":[{"count":28,"href":"https:\/\/chicoinfierno.com\/index.php?rest_route=\/wp\/v2\/pages\/171\/revisions"}],"predecessor-version":[{"id":404,"href":"https:\/\/chicoinfierno.com\/index.php?rest_route=\/wp\/v2\/pages\/171\/revisions\/404"}],"wp:attachment":[{"href":"https:\/\/chicoinfierno.com\/index.php?rest_route=%2Fwp%2Fv2%2Fmedia&parent=171"}],"curies":[{"name":"wp","href":"https:\/\/api.w.org\/{rel}","templated":true}]}}